{"id":482,"date":"2026-01-25T23:41:51","date_gmt":"2026-01-25T23:41:51","guid":{"rendered":"https:\/\/iemep.edu.co\/?page_id=482"},"modified":"2026-01-25T23:49:45","modified_gmt":"2026-01-25T23:49:45","slug":"fan-page","status":"publish","type":"page","link":"https:\/\/iemep.edu.co\/index.php\/fan-page\/","title":{"rendered":"FAN PAGE"},"content":{"rendered":"\n<p>Te invitamos a conocer nuestra p\u00e1gina de Facebook, donde podr\u00e1s estar al tanto de todo lo que sucede en nuestra instituci\u00f3n. En nuestra p\u00e1gina, encontrar\u00e1s informaci\u00f3n sobre nuestra comunidad educativa, eventos y actividades acad\u00e9micas y culturales.<\/p>\n\n\n\n<p>Adem\u00e1s, podr\u00e1s interactuar con nuestra comunidad, compartir tus ideas y opiniones, y participar en nuestras iniciativas y campa\u00f1as. En nuestra p\u00e1gina de Facebook, nos aseguramos de mantener una comunicaci\u00f3n abierta y transparente con nuestros estudiantes, padres y comunidad en general.<\/p>\n\n\n\n<p>Visita muestra <strong><a href=\"https:\/\/www.facebook.com\/people\/Instituci%C3%B3n-Educativa-Manuel-Elkin-Patarroyo-Girardot\/100063736647247\/\" data-type=\"link\" data-id=\"https:\/\/www.facebook.com\/people\/Instituci%C3%B3n-Educativa-Manuel-Elkin-Patarroyo-Girardot\/100063736647247\/\">FANPAGE<\/a><\/strong><\/p>\n\n\n\n<p><\/p>\n","protected":false},"excerpt":{"rendered":"<p>Te invitamos a conocer nuestra p\u00e1gina de Facebook, donde podr\u00e1s estar al tanto de todo lo que sucede en nuestra instituci\u00f3n. En nuestra p\u00e1gina, encontrar\u00e1s informaci\u00f3n sobre nuestra comunidad educativa, eventos y actividades acad\u00e9micas y culturales. Adem\u00e1s, podr\u00e1s interactuar con nuestra comunidad, compartir tus ideas y opiniones, y participar en nuestras iniciativas y campa\u00f1as. En [&hellip;]<\/p>\n","protected":false},"author":3,"featured_media":12,"parent":0,"menu_order":0,"comment_status":"closed","ping_status":"closed","template":"","meta":{"footnotes":""},"class_list":["post-482","page","type-page","status-publish","has-post-thumbnail","hentry"],"_links":{"self":[{"href":"https:\/\/iemep.edu.co\/index.php\/wp-json\/wp\/v2\/pages\/482","targetHints":{"allow":["GET"]}}],"collection":[{"href":"https:\/\/iemep.edu.co\/index.php\/wp-json\/wp\/v2\/pages"}],"about":[{"href":"https:\/\/iemep.edu.co\/index.php\/wp-json\/wp\/v2\/types\/page"}],"author":[{"embeddable":true,"href":"https:\/\/iemep.edu.co\/index.php\/wp-json\/wp\/v2\/users\/3"}],"replies":[{"embeddable":true,"href":"https:\/\/iemep.edu.co\/index.php\/wp-json\/wp\/v2\/comments?post=482"}],"version-history":[{"count":2,"href":"https:\/\/iemep.edu.co\/index.php\/wp-json\/wp\/v2\/pages\/482\/revisions"}],"predecessor-version":[{"id":487,"href":"https:\/\/iemep.edu.co\/index.php\/wp-json\/wp\/v2\/pages\/482\/revisions\/487"}],"wp:featuredmedia":[{"embeddable":true,"href":"https:\/\/iemep.edu.co\/index.php\/wp-json\/wp\/v2\/media\/12"}],"wp:attachment":[{"href":"https:\/\/iemep.edu.co\/index.php\/wp-json\/wp\/v2\/media?parent=482"}],"curies":[{"name":"wp","href":"https:\/\/api.w.org\/{rel}","templated":true}]}}